{"id":7297,"date":"2025-09-13T12:56:30","date_gmt":"2025-09-13T09:56:30","guid":{"rendered":"https:\/\/minnaro.vamtam.com\/?page_id=7297"},"modified":"2025-12-23T16:45:18","modified_gmt":"2025-12-23T13:45:18","slug":"projelerimiz","status":"publish","type":"page","link":"https:\/\/elfhome.com.tr\/en\/projelerimiz\/","title":{"rendered":"Our Projects"},"content":{"rendered":"\t\t<div data-elementor-type=\"wp-page\" data-elementor-id=\"7297\" class=\"elementor elementor-7297\" data-elementor-post-type=\"page\">\n\t\t\t\t<div class=\"elementor-element elementor-element-2c08e93 e-flex e-con-boxed e-con e-parent\" data-id=\"2c08e93\" data-element_type=\"container\" data-e-type=\"container\">\n\t\t\t\t\t<div class=\"e-con-inner\">\n\t\t\t\t<div class=\"vamtam-has-theme-widget-styles elementor-element elementor-element-2a9b0e2 elementor-grid-tablet-3 elementor-grid-3 elementor-grid-mobile-1 elementor-widget elementor-widget-loop-grid\" data-id=\"2a9b0e2\" data-element_type=\"widget\" data-e-type=\"widget\" data-settings=\"{&quot;template_id&quot;:&quot;3330&quot;,&quot;columns_tablet&quot;:3,&quot;row_gap&quot;:{&quot;unit&quot;:&quot;custom&quot;,&quot;size&quot;:&quot;5vh&quot;,&quot;sizes&quot;:[]},&quot;row_gap_tablet&quot;:{&quot;unit&quot;:&quot;px&quot;,&quot;size&quot;:30,&quot;sizes&quot;:[]},&quot;row_gap_mobile&quot;:{&quot;unit&quot;:&quot;px&quot;,&quot;size&quot;:30,&quot;sizes&quot;:[]},&quot;pagination_type&quot;:&quot;load_more_infinite_scroll&quot;,&quot;load_more_spinner&quot;:{&quot;value&quot;:&quot;vamtamtheme- vamtam-theme-loader&quot;,&quot;library&quot;:&quot;theme-icons&quot;},&quot;columns&quot;:3,&quot;_skin&quot;:&quot;post&quot;,&quot;columns_mobile&quot;:&quot;1&quot;,&quot;edit_handle_selector&quot;:&quot;[data-elementor-type=\\&quot;loop-item\\&quot;]&quot;}\" data-widget_type=\"loop-grid.post\">\n\t\t\t\t<div class=\"elementor-widget-container\">\n\t\t\t\t\t\t\t<div class=\"elementor-loop-container elementor-grid\">\n\t\t<style id=\"loop-3330\">.elementor-3330 .elementor-element.elementor-element-31f2da02{--display:flex;--flex-direction:column;--container-widget-width:100%;--container-widget-height:initial;--container-widget-flex-grow:0;--container-widget-align-self:initial;--flex-wrap-mobile:wrap;--margin-top:0px;--margin-bottom:0px;--margin-left:0px;--margin-right:0px;--padding-top:0px;--padding-bottom:0px;--padding-left:0px;--padding-right:0px;}.elementor-3330 .elementor-element.elementor-element-17f57e68{--display:flex;--padding-top:0px;--padding-bottom:0px;--padding-left:0px;--padding-right:0px;--position:absolute;top:20px;--z-index:10;}body:not(.rtl) .elementor-3330 .elementor-element.elementor-element-17f57e68{left:20px;}body.rtl .elementor-3330 .elementor-element.elementor-element-17f57e68{right:20px;}.elementor-3330 .elementor-element.elementor-element-513aa7f2 .elementor-heading-title{font-family:var( --e-global-typography-d4e8e18-font-family ), Sans-serif;font-size:var( --e-global-typography-d4e8e18-font-size );font-weight:var( --e-global-typography-d4e8e18-font-weight );text-transform:var( --e-global-typography-d4e8e18-text-transform );font-style:var( --e-global-typography-d4e8e18-font-style );text-decoration:var( --e-global-typography-d4e8e18-text-decoration );line-height:var( --e-global-typography-d4e8e18-line-height );letter-spacing:var( --e-global-typography-d4e8e18-letter-spacing );word-spacing:var( --e-global-typography-d4e8e18-word-spacing );color:var( --e-global-color-vamtam_accent_2 );}.elementor-3330 .elementor-element.elementor-element-513aa7f2 > .elementor-widget-container{margin:0px 0px 0px 0px;padding:8px 15px 8px 15px;background-color:var( --e-global-color-vamtam_accent_5 );}.elementor-3330 .elementor-element.elementor-element-513aa7f2.elementor-element{--align-self:flex-start;}.elementor-3330 .elementor-element.elementor-element-513aa7f2{z-index:2;}.elementor-3330 .elementor-element.elementor-element-65562b4b{--display:flex;--overflow:hidden;--padding-top:0px;--padding-bottom:0px;--padding-left:0px;--padding-right:0px;}.elementor-3330 .elementor-element.elementor-element-23f2f511 img{width:100%;transition-duration:0.4s;}.elementor-3330 .elementor-element.elementor-element-23f2f511 .vamtam-image-wrapper{width:100%;}.elementor-3330 .elementor-element.elementor-element-2da5e0c9{--display:flex;--flex-direction:row;--container-widget-width:calc( ( 1 - var( --container-widget-flex-grow ) ) * 100% );--container-widget-height:100%;--container-widget-flex-grow:1;--container-widget-align-self:stretch;--flex-wrap-mobile:wrap;--justify-content:space-between;--align-items:flex-start;--margin-top:0px;--margin-bottom:0px;--margin-left:0px;--margin-right:0px;--padding-top:0px;--padding-bottom:0px;--padding-left:0px;--padding-right:0px;}.elementor-3330 .elementor-element.elementor-element-a622480{--display:flex;--gap:5px 5px;--row-gap:5px;--column-gap:5px;--padding-top:0px;--padding-bottom:0px;--padding-left:0px;--padding-right:0px;}.elementor-3330 .elementor-element.elementor-element-37498e0 .elementor-widget-container{font-family:var( --e-global-typography-5a32b4a-font-family ), Sans-serif;font-size:var( --e-global-typography-5a32b4a-font-size );font-weight:var( --e-global-typography-5a32b4a-font-weight );text-transform:var( --e-global-typography-5a32b4a-text-transform );font-style:var( --e-global-typography-5a32b4a-font-style );text-decoration:var( --e-global-typography-5a32b4a-text-decoration );line-height:var( --e-global-typography-5a32b4a-line-height );letter-spacing:var( --e-global-typography-5a32b4a-letter-spacing );word-spacing:var( --e-global-typography-5a32b4a-word-spacing );}.elementor-3330 .elementor-element.elementor-element-3a4bbae1 .elementor-icon-wrapper{text-align:center;}.elementor-3330 .elementor-element.elementor-element-3a4bbae1.elementor-view-stacked .elementor-icon{background-color:var( --e-global-color-vamtam_accent_6 );}.elementor-3330 .elementor-element.elementor-element-3a4bbae1.elementor-view-framed .elementor-icon, .elementor-3330 .elementor-element.elementor-element-3a4bbae1.elementor-view-default .elementor-icon{color:var( --e-global-color-vamtam_accent_6 );border-color:var( --e-global-color-vamtam_accent_6 );}.elementor-3330 .elementor-element.elementor-element-3a4bbae1.elementor-view-framed .elementor-icon, .elementor-3330 .elementor-element.elementor-element-3a4bbae1.elementor-view-default .elementor-icon svg{fill:var( --e-global-color-vamtam_accent_6 );}.elementor-3330 .elementor-element.elementor-element-3a4bbae1 .elementor-icon{font-size:10px;}.elementor-3330 .elementor-element.elementor-element-3a4bbae1 .elementor-icon svg{height:10px;}.elementor-3330 .elementor-element.elementor-element-3a4bbae1.elementor-element{--flex-grow:1;--flex-shrink:0;}@media(min-width:768px){.elementor-3330 .elementor-element.elementor-element-17f57e68{--width:calc(100% - 40px);}}@media(max-width:1024px){.elementor-3330 .elementor-element.elementor-element-513aa7f2 .elementor-heading-title{font-size:var( --e-global-typography-d4e8e18-font-size );line-height:var( --e-global-typography-d4e8e18-line-height );letter-spacing:var( --e-global-typography-d4e8e18-letter-spacing );word-spacing:var( --e-global-typography-d4e8e18-word-spacing );}.elementor-3330 .elementor-element.elementor-element-37498e0 .elementor-widget-container{font-size:var( --e-global-typography-5a32b4a-font-size );line-height:var( --e-global-typography-5a32b4a-line-height );letter-spacing:var( --e-global-typography-5a32b4a-letter-spacing );word-spacing:var( --e-global-typography-5a32b4a-word-spacing );}}@media(max-width:767px){.elementor-3330 .elementor-element.elementor-element-513aa7f2 .elementor-heading-title{font-size:var( --e-global-typography-d4e8e18-font-size );line-height:var( --e-global-typography-d4e8e18-line-height );letter-spacing:var( --e-global-typography-d4e8e18-letter-spacing );word-spacing:var( --e-global-typography-d4e8e18-word-spacing );}.elementor-3330 .elementor-element.elementor-element-2da5e0c9{--flex-direction:row;--container-widget-width:calc( ( 1 - var( --container-widget-flex-grow ) ) * 100% );--container-widget-height:100%;--container-widget-flex-grow:1;--container-widget-align-self:stretch;--flex-wrap-mobile:wrap;--justify-content:space-between;--align-items:flex-start;--gap:0px 0px;--row-gap:0px;--column-gap:0px;}.elementor-3330 .elementor-element.elementor-element-a622480{--width:95%;}.elementor-3330 .elementor-element.elementor-element-37498e0 .elementor-widget-container{font-size:var( --e-global-typography-5a32b4a-font-size );line-height:var( --e-global-typography-5a32b4a-line-height );letter-spacing:var( --e-global-typography-5a32b4a-letter-spacing );word-spacing:var( --e-global-typography-5a32b4a-word-spacing );}}<\/style>\t\t<div data-elementor-type=\"loop-item\" data-elementor-id=\"3330\" class=\"elementor elementor-3330 e-loop-item e-loop-item-988024 post-988024 post type-post status-publish format-standard has-post-thumbnail hentry category-architecture tag-elf-home-systems\" data-elementor-post-type=\"elementor_library\" data-custom-edit-handle=\"1\">\n\t\t\t<a class=\"elementor-element elementor-element-31f2da02 e-con-full e-flex e-con e-parent\" data-id=\"31f2da02\" data-element_type=\"container\" data-e-type=\"container\" href=\"https:\/\/elfhome.com.tr\/en\/cankiri-konut\/\">\n\t\t<div class=\"elementor-element elementor-element-17f57e68 e-con-full e-flex e-con e-child\" data-id=\"17f57e68\" data-element_type=\"container\" data-e-type=\"container\" data-settings=\"{&quot;position&quot;:&quot;absolute&quot;}\">\n\t\t\t\t<div class=\"elementor-element elementor-element-513aa7f2 vamtam-show-on-hover elementor-widget elementor-widget-heading\" data-id=\"513aa7f2\" data-element_type=\"widget\" data-e-type=\"widget\" data-widget_type=\"heading.default\">\n\t\t\t\t<div class=\"elementor-widget-container\">\n\t\t\t\t\t<div class=\"elementor-heading-title elementor-size-default\"><span>ELF HOME SYSTEMS<\/span><\/div>\t\t\t\t<\/div>\n\t\t\t\t<\/div>\n\t\t\t\t<\/div>\n\t\t<div class=\"elementor-element elementor-element-65562b4b e-flex e-con-boxed e-con e-child\" data-id=\"65562b4b\" data-element_type=\"container\" data-e-type=\"container\">\n\t\t\t\t\t<div class=\"e-con-inner\">\n\t\t\t\t<div class=\"vamtam-has-theme-widget-styles elementor-element elementor-element-23f2f511 elementor-invisible animated-fast elementor-widget elementor-widget-image\" data-id=\"23f2f511\" data-element_type=\"widget\" data-e-type=\"widget\" data-settings=\"{&quot;_animation&quot;:&quot;imageGrowWithScaleLeft&quot;,&quot;_animation_delay&quot;:0}\" data-widget_type=\"image.default\">\n\t\t\t\t<div class=\"elementor-widget-container\">\n\t\t\t\t\t\t\t\t\t<div class=\"elementor-image\">\n\t\t\t\t\t\t\t\t\t\t\t<div class=\"vamtam-image-wrapper\">\n\t\t\t\t\t\t\t\t\t\t\t\t\t\t\t\t\t\t\t\t\t<img fetchpriority=\"high\" decoding=\"async\" width=\"1024\" height=\"679\" src=\"https:\/\/elfhome.com.tr\/wp-content\/uploads\/2025\/12\/cankirikonutelfhome-1024x679.jpg\" class=\"elementor-animation-grow attachment-large size-large wp-image-988026\" alt=\"\" srcset=\"https:\/\/elfhome.com.tr\/wp-content\/uploads\/2025\/12\/cankirikonutelfhome-1024x679.jpg 1024w, https:\/\/elfhome.com.tr\/wp-content\/uploads\/2025\/12\/cankirikonutelfhome-300x199.jpg 300w, https:\/\/elfhome.com.tr\/wp-content\/uploads\/2025\/12\/cankirikonutelfhome-768x509.jpg 768w, https:\/\/elfhome.com.tr\/wp-content\/uploads\/2025\/12\/cankirikonutelfhome-1536x1018.jpg 1536w, https:\/\/elfhome.com.tr\/wp-content\/uploads\/2025\/12\/cankirikonutelfhome-2048x1358.jpg 2048w\" sizes=\"(max-width: 1024px) 100vw, 1024px\" \/>\t\t\t\t\t\t\t\t\t\t\t\t\t\t\t\t\t\t\t\t\t\t\t\t\t\t<\/div>\n\t\t\t\t\t\t\t\t\t<\/div>\n\t\t\t\t\t\t\t\t<\/div>\n\t\t\t\t<\/div>\n\t\t\t\t\t<\/div>\n\t\t\t\t<\/div>\n\t\t<div class=\"elementor-element elementor-element-2da5e0c9 e-con-full e-flex e-con e-child\" data-id=\"2da5e0c9\" data-element_type=\"container\" data-e-type=\"container\">\n\t\t<div class=\"elementor-element elementor-element-a622480 e-con-full e-flex e-con e-child\" data-id=\"a622480\" data-element_type=\"container\" data-e-type=\"container\">\n\t\t\t\t<div class=\"elementor-element elementor-element-c42c44f elementor-widget elementor-widget-heading\" data-id=\"c42c44f\" data-element_type=\"widget\" data-e-type=\"widget\" data-widget_type=\"heading.default\">\n\t\t\t\t<div class=\"elementor-widget-container\">\n\t\t\t\t\t<h4 class=\"elementor-heading-title elementor-size-default\">\u00c7ank\u0131r\u0131 Konut<\/h4>\t\t\t\t<\/div>\n\t\t\t\t<\/div>\n\t\t\t\t<div class=\"elementor-element elementor-element-37498e0 elementor-widget elementor-widget-theme-post-excerpt\" data-id=\"37498e0\" data-element_type=\"widget\" data-e-type=\"widget\" data-widget_type=\"theme-post-excerpt.default\">\n\t\t\t\t<div class=\"elementor-widget-container\">\n\t\t\t\t\t\u00c7ank\u0131r\u0131\t\t\t\t<\/div>\n\t\t\t\t<\/div>\n\t\t\t\t<\/div>\n\t\t\t\t<div class=\"elementor-element elementor-element-3a4bbae1 vamtam-show-on-hover elementor-view-default elementor-widget elementor-widget-icon\" data-id=\"3a4bbae1\" data-element_type=\"widget\" data-e-type=\"widget\" data-widget_type=\"icon.default\">\n\t\t\t\t<div class=\"elementor-widget-container\">\n\t\t\t\t\t\t\t<div class=\"elementor-icon-wrapper\">\n\t\t\t<div class=\"elementor-icon\">\n\t\t\t<i aria-hidden=\"true\" class=\"vamtamtheme- vamtam-theme-shape\"><\/i>\t\t\t<\/div>\n\t\t<\/div>\n\t\t\t\t\t\t<\/div>\n\t\t\t\t<\/div>\n\t\t\t\t<\/div>\n\t\t\t\t<\/a>\n\t\t\t\t<\/div>\n\t\t\t\t<div data-elementor-type=\"loop-item\" data-elementor-id=\"3330\" class=\"elementor elementor-3330 e-loop-item e-loop-item-2444 post-2444 post type-post status-publish format-standard has-post-thumbnail hentry category-architecture tag-elf-home-systems\" data-elementor-post-type=\"elementor_library\" data-custom-edit-handle=\"1\">\n\t\t\t<a class=\"elementor-element elementor-element-31f2da02 e-con-full e-flex e-con e-parent\" data-id=\"31f2da02\" data-element_type=\"container\" data-e-type=\"container\" href=\"https:\/\/elfhome.com.tr\/en\/bodrum-ofis-binasi\/\">\n\t\t<div class=\"elementor-element elementor-element-17f57e68 e-con-full e-flex e-con e-child\" data-id=\"17f57e68\" data-element_type=\"container\" data-e-type=\"container\" data-settings=\"{&quot;position&quot;:&quot;absolute&quot;}\">\n\t\t\t\t<div class=\"elementor-element elementor-element-513aa7f2 vamtam-show-on-hover elementor-widget elementor-widget-heading\" data-id=\"513aa7f2\" data-element_type=\"widget\" data-e-type=\"widget\" data-widget_type=\"heading.default\">\n\t\t\t\t<div class=\"elementor-widget-container\">\n\t\t\t\t\t<div class=\"elementor-heading-title elementor-size-default\"><span>ELF HOME SYSTEMS<\/span><\/div>\t\t\t\t<\/div>\n\t\t\t\t<\/div>\n\t\t\t\t<\/div>\n\t\t<div class=\"elementor-element elementor-element-65562b4b e-flex e-con-boxed e-con e-child\" data-id=\"65562b4b\" data-element_type=\"container\" data-e-type=\"container\">\n\t\t\t\t\t<div class=\"e-con-inner\">\n\t\t\t\t<div class=\"vamtam-has-theme-widget-styles elementor-element elementor-element-23f2f511 elementor-invisible animated-fast elementor-widget elementor-widget-image\" data-id=\"23f2f511\" data-element_type=\"widget\" data-e-type=\"widget\" data-settings=\"{&quot;_animation&quot;:&quot;imageGrowWithScaleLeft&quot;,&quot;_animation_delay&quot;:0}\" data-widget_type=\"image.default\">\n\t\t\t\t<div class=\"elementor-widget-container\">\n\t\t\t\t\t\t\t\t\t<div class=\"elementor-image\">\n\t\t\t\t\t\t\t\t\t\t\t<div class=\"vamtam-image-wrapper\">\n\t\t\t\t\t\t\t\t\t\t\t\t\t\t\t\t\t\t\t\t\t<img decoding=\"async\" width=\"1024\" height=\"679\" src=\"https:\/\/elfhome.com.tr\/wp-content\/uploads\/2025\/09\/elfhome11-1024x679.jpg\" class=\"elementor-animation-grow attachment-large size-large wp-image-988010\" alt=\"\" srcset=\"https:\/\/elfhome.com.tr\/wp-content\/uploads\/2025\/09\/elfhome11-1024x679.jpg 1024w, https:\/\/elfhome.com.tr\/wp-content\/uploads\/2025\/09\/elfhome11-300x199.jpg 300w, https:\/\/elfhome.com.tr\/wp-content\/uploads\/2025\/09\/elfhome11-768x509.jpg 768w, https:\/\/elfhome.com.tr\/wp-content\/uploads\/2025\/09\/elfhome11-1536x1018.jpg 1536w, https:\/\/elfhome.com.tr\/wp-content\/uploads\/2025\/09\/elfhome11-2048x1358.jpg 2048w\" sizes=\"(max-width: 1024px) 100vw, 1024px\" \/>\t\t\t\t\t\t\t\t\t\t\t\t\t\t\t\t\t\t\t\t\t\t\t\t\t\t<\/div>\n\t\t\t\t\t\t\t\t\t<\/div>\n\t\t\t\t\t\t\t\t<\/div>\n\t\t\t\t<\/div>\n\t\t\t\t\t<\/div>\n\t\t\t\t<\/div>\n\t\t<div class=\"elementor-element elementor-element-2da5e0c9 e-con-full e-flex e-con e-child\" data-id=\"2da5e0c9\" data-element_type=\"container\" data-e-type=\"container\">\n\t\t<div class=\"elementor-element elementor-element-a622480 e-con-full e-flex e-con e-child\" data-id=\"a622480\" data-element_type=\"container\" data-e-type=\"container\">\n\t\t\t\t<div class=\"elementor-element elementor-element-c42c44f elementor-widget elementor-widget-heading\" data-id=\"c42c44f\" data-element_type=\"widget\" data-e-type=\"widget\" data-widget_type=\"heading.default\">\n\t\t\t\t<div class=\"elementor-widget-container\">\n\t\t\t\t\t<h4 class=\"elementor-heading-title elementor-size-default\">Bodrum Ofis Binas\u0131<\/h4>\t\t\t\t<\/div>\n\t\t\t\t<\/div>\n\t\t\t\t<div class=\"elementor-element elementor-element-37498e0 elementor-widget elementor-widget-theme-post-excerpt\" data-id=\"37498e0\" data-element_type=\"widget\" data-e-type=\"widget\" data-widget_type=\"theme-post-excerpt.default\">\n\t\t\t\t<div class=\"elementor-widget-container\">\n\t\t\t\t\tBodrum\t\t\t\t<\/div>\n\t\t\t\t<\/div>\n\t\t\t\t<\/div>\n\t\t\t\t<div class=\"elementor-element elementor-element-3a4bbae1 vamtam-show-on-hover elementor-view-default elementor-widget elementor-widget-icon\" data-id=\"3a4bbae1\" data-element_type=\"widget\" data-e-type=\"widget\" data-widget_type=\"icon.default\">\n\t\t\t\t<div class=\"elementor-widget-container\">\n\t\t\t\t\t\t\t<div class=\"elementor-icon-wrapper\">\n\t\t\t<div class=\"elementor-icon\">\n\t\t\t<i aria-hidden=\"true\" class=\"vamtamtheme- vamtam-theme-shape\"><\/i>\t\t\t<\/div>\n\t\t<\/div>\n\t\t\t\t\t\t<\/div>\n\t\t\t\t<\/div>\n\t\t\t\t<\/div>\n\t\t\t\t<\/a>\n\t\t\t\t<\/div>\n\t\t\t\t<div data-elementor-type=\"loop-item\" data-elementor-id=\"3330\" class=\"elementor elementor-3330 e-loop-item e-loop-item-3550 post-3550 post type-post status-publish format-standard has-post-thumbnail hentry category-architecture tag-elf-home-systems\" data-elementor-post-type=\"elementor_library\" data-custom-edit-handle=\"1\">\n\t\t\t<a class=\"elementor-element elementor-element-31f2da02 e-con-full e-flex e-con e-parent\" data-id=\"31f2da02\" data-element_type=\"container\" data-e-type=\"container\" href=\"https:\/\/elfhome.com.tr\/en\/aksiad-binasi\/\">\n\t\t<div class=\"elementor-element elementor-element-17f57e68 e-con-full e-flex e-con e-child\" data-id=\"17f57e68\" data-element_type=\"container\" data-e-type=\"container\" data-settings=\"{&quot;position&quot;:&quot;absolute&quot;}\">\n\t\t\t\t<div class=\"elementor-element elementor-element-513aa7f2 vamtam-show-on-hover elementor-widget elementor-widget-heading\" data-id=\"513aa7f2\" data-element_type=\"widget\" data-e-type=\"widget\" data-widget_type=\"heading.default\">\n\t\t\t\t<div class=\"elementor-widget-container\">\n\t\t\t\t\t<div class=\"elementor-heading-title elementor-size-default\"><span>ELF HOME SYSTEMS<\/span><\/div>\t\t\t\t<\/div>\n\t\t\t\t<\/div>\n\t\t\t\t<\/div>\n\t\t<div class=\"elementor-element elementor-element-65562b4b e-flex e-con-boxed e-con e-child\" data-id=\"65562b4b\" data-element_type=\"container\" data-e-type=\"container\">\n\t\t\t\t\t<div class=\"e-con-inner\">\n\t\t\t\t<div class=\"vamtam-has-theme-widget-styles elementor-element elementor-element-23f2f511 elementor-invisible animated-fast elementor-widget elementor-widget-image\" data-id=\"23f2f511\" data-element_type=\"widget\" data-e-type=\"widget\" data-settings=\"{&quot;_animation&quot;:&quot;imageGrowWithScaleLeft&quot;,&quot;_animation_delay&quot;:0}\" data-widget_type=\"image.default\">\n\t\t\t\t<div class=\"elementor-widget-container\">\n\t\t\t\t\t\t\t\t\t<div class=\"elementor-image\">\n\t\t\t\t\t\t\t\t\t\t\t<div class=\"vamtam-image-wrapper\">\n\t\t\t\t\t\t\t\t\t\t\t\t\t\t\t\t\t\t\t\t\t<img decoding=\"async\" width=\"1024\" height=\"679\" src=\"https:\/\/elfhome.com.tr\/wp-content\/uploads\/2025\/09\/elfhome3-1024x679.jpg\" class=\"elementor-animation-grow attachment-large size-large wp-image-987973\" alt=\"\" srcset=\"https:\/\/elfhome.com.tr\/wp-content\/uploads\/2025\/09\/elfhome3-1024x679.jpg 1024w, https:\/\/elfhome.com.tr\/wp-content\/uploads\/2025\/09\/elfhome3-300x199.jpg 300w, https:\/\/elfhome.com.tr\/wp-content\/uploads\/2025\/09\/elfhome3-768x509.jpg 768w, https:\/\/elfhome.com.tr\/wp-content\/uploads\/2025\/09\/elfhome3-1536x1018.jpg 1536w, https:\/\/elfhome.com.tr\/wp-content\/uploads\/2025\/09\/elfhome3-2048x1358.jpg 2048w\" sizes=\"(max-width: 1024px) 100vw, 1024px\" \/>\t\t\t\t\t\t\t\t\t\t\t\t\t\t\t\t\t\t\t\t\t\t\t\t\t\t<\/div>\n\t\t\t\t\t\t\t\t\t<\/div>\n\t\t\t\t\t\t\t\t<\/div>\n\t\t\t\t<\/div>\n\t\t\t\t\t<\/div>\n\t\t\t\t<\/div>\n\t\t<div class=\"elementor-element elementor-element-2da5e0c9 e-con-full e-flex e-con e-child\" data-id=\"2da5e0c9\" data-element_type=\"container\" data-e-type=\"container\">\n\t\t<div class=\"elementor-element elementor-element-a622480 e-con-full e-flex e-con e-child\" data-id=\"a622480\" data-element_type=\"container\" data-e-type=\"container\">\n\t\t\t\t<div class=\"elementor-element elementor-element-c42c44f elementor-widget elementor-widget-heading\" data-id=\"c42c44f\" data-element_type=\"widget\" data-e-type=\"widget\" data-widget_type=\"heading.default\">\n\t\t\t\t<div class=\"elementor-widget-container\">\n\t\t\t\t\t<h4 class=\"elementor-heading-title elementor-size-default\">Aksiad Binas\u0131<\/h4>\t\t\t\t<\/div>\n\t\t\t\t<\/div>\n\t\t\t\t<div class=\"elementor-element elementor-element-37498e0 elementor-widget elementor-widget-theme-post-excerpt\" data-id=\"37498e0\" data-element_type=\"widget\" data-e-type=\"widget\" data-widget_type=\"theme-post-excerpt.default\">\n\t\t\t\t<div class=\"elementor-widget-container\">\n\t\t\t\t\tAnkara\t\t\t\t<\/div>\n\t\t\t\t<\/div>\n\t\t\t\t<\/div>\n\t\t\t\t<div class=\"elementor-element elementor-element-3a4bbae1 vamtam-show-on-hover elementor-view-default elementor-widget elementor-widget-icon\" data-id=\"3a4bbae1\" data-element_type=\"widget\" data-e-type=\"widget\" data-widget_type=\"icon.default\">\n\t\t\t\t<div class=\"elementor-widget-container\">\n\t\t\t\t\t\t\t<div class=\"elementor-icon-wrapper\">\n\t\t\t<div class=\"elementor-icon\">\n\t\t\t<i aria-hidden=\"true\" class=\"vamtamtheme- vamtam-theme-shape\"><\/i>\t\t\t<\/div>\n\t\t<\/div>\n\t\t\t\t\t\t<\/div>\n\t\t\t\t<\/div>\n\t\t\t\t<\/div>\n\t\t\t\t<\/a>\n\t\t\t\t<\/div>\n\t\t\t\t<\/div>\n\t\t\t\t\t<span class=\"e-load-more-spinner\">\n\t\t\t\t<i aria-hidden=\"true\" class=\"vamtamtheme- vamtam-theme-loader\"><\/i>\t\t\t<\/span>\n\t\t\n\t\t\t\t\t\t<\/div>\n\t\t\t\t<\/div>\n\t\t\t\t\t<\/div>\n\t\t\t\t<\/div>\n\t\t\t\t<\/div>\n\t\t","protected":false},"excerpt":{"rendered":"<p>At ELF HOME, we approach every project by combining environmentally friendly building technologies, engineering, architectural aesthetics, and a user-focused mindset with meticulous project management.<\/p>","protected":false},"author":1,"featured_media":0,"parent":0,"menu_order":0,"comment_status":"closed","ping_status":"closed","template":"","meta":{"_joinchat":[],"footnotes":""},"class_list":["post-7297","page","type-page","status-publish","hentry"],"_links":{"self":[{"href":"https:\/\/elfhome.com.tr\/en\/wp-json\/wp\/v2\/pages\/7297","targetHints":{"allow":["GET"]}}],"collection":[{"href":"https:\/\/elfhome.com.tr\/en\/wp-json\/wp\/v2\/pages"}],"about":[{"href":"https:\/\/elfhome.com.tr\/en\/wp-json\/wp\/v2\/types\/page"}],"author":[{"embeddable":true,"href":"https:\/\/elfhome.com.tr\/en\/wp-json\/wp\/v2\/users\/1"}],"replies":[{"embeddable":true,"href":"https:\/\/elfhome.com.tr\/en\/wp-json\/wp\/v2\/comments?post=7297"}],"version-history":[{"count":7,"href":"https:\/\/elfhome.com.tr\/en\/wp-json\/wp\/v2\/pages\/7297\/revisions"}],"predecessor-version":[{"id":988086,"href":"https:\/\/elfhome.com.tr\/en\/wp-json\/wp\/v2\/pages\/7297\/revisions\/988086"}],"wp:attachment":[{"href":"https:\/\/elfhome.com.tr\/en\/wp-json\/wp\/v2\/media?parent=7297"}],"curies":[{"name":"wp","href":"https:\/\/api.w.org\/{rel}","templated":true}]}}