{"id":23,"date":"2025-05-15T09:52:16","date_gmt":"2025-05-15T09:52:16","guid":{"rendered":"https:\/\/minnaro.vamtam.com\/?page_id=23"},"modified":"2025-12-23T16:13:33","modified_gmt":"2025-12-23T13:13:33","slug":"hakkimizda","status":"publish","type":"page","link":"https:\/\/elfhome.com.tr\/en\/hakkimizda\/","title":{"rendered":"About Us"},"content":{"rendered":"\t\t<div data-elementor-type=\"wp-page\" data-elementor-id=\"23\" class=\"elementor elementor-23\" data-elementor-post-type=\"page\">\n\t\t\t\t<div class=\"elementor-element elementor-element-9037428 e-flex e-con-boxed e-con e-parent\" data-id=\"9037428\" data-element_type=\"container\" data-e-type=\"container\" data-settings=\"{&quot;background_background&quot;:&quot;classic&quot;}\">\n\t\t\t\t\t<div class=\"e-con-inner\">\n\t\t<div class=\"elementor-element elementor-element-be3d015 e-con-full e-flex e-con e-child\" data-id=\"be3d015\" data-element_type=\"container\" data-e-type=\"container\" data-settings=\"{&quot;sticky&quot;:&quot;top&quot;,&quot;sticky_offset&quot;:30,&quot;sticky_effects_offset&quot;:30,&quot;sticky_parent&quot;:&quot;yes&quot;,&quot;sticky_on&quot;:[&quot;desktop&quot;,&quot;tablet&quot;],&quot;sticky_offset_tablet&quot;:70,&quot;sticky_effects_offset_tablet&quot;:70,&quot;sticky_anchor_link_offset&quot;:0}\">\n\t\t\t\t<div class=\"vamtam-has-theme-widget-styles elementor-element elementor-element-19c928e elementor-invisible elementor-widget elementor-widget-image\" data-id=\"19c928e\" data-element_type=\"widget\" data-e-type=\"widget\" data-settings=\"{&quot;_animation&quot;:&quot;imageGrowWithScaleBottom&quot;}\" data-widget_type=\"image.default\">\n\t\t\t\t<div class=\"elementor-widget-container\">\n\t\t\t\t\t\t\t\t\t<div class=\"elementor-image\">\n\t\t\t\t\t\t\t\t\t\t\t<div class=\"vamtam-image-wrapper\">\n\t\t\t\t\t\t\t\t\t\t\t\t\t\t\t\t\t\t\t\t\t<img fetchpriority=\"high\" decoding=\"async\" width=\"675\" height=\"1200\" src=\"https:\/\/elfhome.com.tr\/wp-content\/uploads\/2025\/09\/elfhome4.jpg\" class=\"attachment-full size-full wp-image-987977\" alt=\"\" srcset=\"https:\/\/elfhome.com.tr\/wp-content\/uploads\/2025\/09\/elfhome4.jpg 675w, https:\/\/elfhome.com.tr\/wp-content\/uploads\/2025\/09\/elfhome4-169x300.jpg 169w, https:\/\/elfhome.com.tr\/wp-content\/uploads\/2025\/09\/elfhome4-576x1024.jpg 576w\" sizes=\"(max-width: 675px) 100vw, 675px\" \/>\t\t\t\t\t\t\t\t\t\t\t\t\t\t\t\t\t\t\t\t\t\t\t\t\t\t<\/div>\n\t\t\t\t\t\t\t\t\t<\/div>\n\t\t\t\t\t\t\t\t<\/div>\n\t\t\t\t<\/div>\n\t\t\t\t<div class=\"elementor-element elementor-element-08e62ca elementor-widget elementor-widget-spacer\" data-id=\"08e62ca\" data-element_type=\"widget\" data-e-type=\"widget\" data-widget_type=\"spacer.default\">\n\t\t\t\t<div class=\"elementor-widget-container\">\n\t\t\t\t\t\t\t<div class=\"elementor-spacer\">\n\t\t\t<div class=\"elementor-spacer-inner\"><\/div>\n\t\t<\/div>\n\t\t\t\t\t\t<\/div>\n\t\t\t\t<\/div>\n\t\t\t\t<\/div>\n\t\t<div class=\"elementor-element elementor-element-3b3c77f e-con-full e-flex e-con e-child\" data-id=\"3b3c77f\" data-element_type=\"container\" data-e-type=\"container\">\n\t\t<div class=\"elementor-element elementor-element-3ab5f4b elementor-invisible e-con-full animated-fast e-flex e-con e-child\" data-id=\"3ab5f4b\" data-element_type=\"container\" data-e-type=\"container\" data-settings=\"{&quot;animation&quot;:&quot;slideInUp&quot;}\">\n\t\t\t\t<div class=\"elementor-element elementor-element-b3c5268 elementor-view-default elementor-widget elementor-widget-icon\" data-id=\"b3c5268\" data-element_type=\"widget\" data-e-type=\"widget\" data-widget_type=\"icon.default\">\n\t\t\t\t<div class=\"elementor-widget-container\">\n\t\t\t\t\t\t\t<div class=\"elementor-icon-wrapper\">\n\t\t\t<div class=\"elementor-icon\">\n\t\t\t<svg xmlns=\"http:\/\/www.w3.org\/2000\/svg\" width=\"89\" height=\"45\" viewBox=\"0 0 89 45\"><path d=\"M88.47 43.72h-6.33a.84.84 0 0 0-.73-.43H65.52a20.7 20.7 0 0 0-20.2-19.85V.43c0-.24-.2-.43-.43-.43-.23 0-.42.2-.42.43v23.01a20.7 20.7 0 0 0-20.2 19.85H8.36a.84.84 0 0 0-.73.43H1.32c-.23 0-.43.2-.43.43 0 .23.2.42.43.42h6.32c.15.26.42.43.74.43H81.4c.31 0 .58-.17.73-.43h6.33c.23 0 .42-.2.42-.42 0-.24-.19-.43-.42-.43Zm-24.65-.43h-18.5V25.15a19 19 0 0 1 18.5 18.14ZM44.47 25.15v18.14h-18.5a19 19 0 0 1 18.5-18.14Z\" fill-rule=\"nonzero\" fill=\"#000\"><\/path><\/svg>\t\t\t<\/div>\n\t\t<\/div>\n\t\t\t\t\t\t<\/div>\n\t\t\t\t<\/div>\n\t\t\t\t<div class=\"elementor-element elementor-element-35f5c7b elementor-widget-divider--view-line elementor-widget elementor-widget-divider\" data-id=\"35f5c7b\" data-element_type=\"widget\" data-e-type=\"widget\" data-widget_type=\"divider.default\">\n\t\t\t\t<div class=\"elementor-widget-container\">\n\t\t\t\t\t\t\t<div class=\"elementor-divider\">\n\t\t\t<span class=\"elementor-divider-separator\">\n\t\t\t\t\t\t<\/span>\n\t\t<\/div>\n\t\t\t\t\t\t<\/div>\n\t\t\t\t<\/div>\n\t\t\t\t<div class=\"elementor-element elementor-element-c910325 elementor-widget elementor-widget-heading\" data-id=\"c910325\" data-element_type=\"widget\" data-e-type=\"widget\" data-widget_type=\"heading.default\">\n\t\t\t\t<div class=\"elementor-widget-container\">\n\t\t\t\t\t<h5 class=\"elementor-heading-title elementor-size-default\">Vizyon<\/h5>\t\t\t\t<\/div>\n\t\t\t\t<\/div>\n\t\t\t\t<div class=\"elementor-element elementor-element-4e36e56 elementor-widget__width-initial elementor-widget-mobile__width-inherit elementor-widget elementor-widget-text-editor\" data-id=\"4e36e56\" data-element_type=\"widget\" data-e-type=\"widget\" data-widget_type=\"text-editor.default\">\n\t\t\t\t<div class=\"elementor-widget-container\">\n\t\t\t\t\t\t\t\t\t<p>D\u00fcnya yap\u0131 sekt\u00f6r\u00fcnde ak\u0131ll\u0131 ve \u00e7evreci yap\u0131 teknolojilerinde lider olmak.<\/p>\t\t\t\t\t\t\t\t<\/div>\n\t\t\t\t<\/div>\n\t\t\t\t<\/div>\n\t\t\t\t<div class=\"elementor-element elementor-element-ee6a4e0 elementor-invisible elementor-hidden-mobile animated-fast elementor-widget elementor-widget-spacer\" data-id=\"ee6a4e0\" data-element_type=\"widget\" data-e-type=\"widget\" data-settings=\"{&quot;_animation&quot;:&quot;slideInUp&quot;,&quot;_animation_delay&quot;:200}\" data-widget_type=\"spacer.default\">\n\t\t\t\t<div class=\"elementor-widget-container\">\n\t\t\t\t\t\t\t<div class=\"elementor-spacer\">\n\t\t\t<div class=\"elementor-spacer-inner\"><\/div>\n\t\t<\/div>\n\t\t\t\t\t\t<\/div>\n\t\t\t\t<\/div>\n\t\t<div class=\"elementor-element elementor-element-73f57a3 elementor-invisible e-con-full animated-fast e-flex e-con e-child\" data-id=\"73f57a3\" data-element_type=\"container\" data-e-type=\"container\" data-settings=\"{&quot;animation&quot;:&quot;slideInUp&quot;}\">\n\t\t\t\t<div class=\"elementor-element elementor-element-08af054 elementor-view-default elementor-widget elementor-widget-icon\" data-id=\"08af054\" data-element_type=\"widget\" data-e-type=\"widget\" data-widget_type=\"icon.default\">\n\t\t\t\t<div class=\"elementor-widget-container\">\n\t\t\t\t\t\t\t<div class=\"elementor-icon-wrapper\">\n\t\t\t<div class=\"elementor-icon\">\n\t\t\t<svg xmlns=\"http:\/\/www.w3.org\/2000\/svg\" width=\"90\" height=\"44\" viewBox=\"0 0 90 44\"><path d=\"M44.9 0c.23 0 .42.19.42.42v22.5A20.7 20.7 0 0 1 63.56 34.5l25.17-10.87a.4.4 0 1 1 .32.74L63.9 35.23a19.8 19.8 0 0 1 1.63 7.1h15.89c.31 0 .58.17.73.42h6.33c.23 0 .42.19.42.41 0 .23-.19.42-.42.42h-6.33a.85.85 0 0 1-.73.42H8.38a.85.85 0 0 1-.74-.42H1.32a.42.42 0 0 1-.43-.42c0-.22.2-.41.43-.41h6.32a.85.85 0 0 1 .74-.42h15.88c.44-10.64 9.3-19.2 20.2-19.41V.42c0-.23.2-.42.43-.42Zm.42 24.59v17.74h.12L62 35.18A19 19 0 0 0 45.66 24.6l-.34-.01Zm-.85 0c-9.97.21-18.06 8.01-18.5 17.74h18.5ZM62.33 35.9l-14.88 6.43h16.37c-.1-2.27-.62-4.44-1.49-6.43Z\" fill-rule=\"nonzero\" fill=\"#000\"><\/path><\/svg>\t\t\t<\/div>\n\t\t<\/div>\n\t\t\t\t\t\t<\/div>\n\t\t\t\t<\/div>\n\t\t\t\t<div class=\"elementor-element elementor-element-da4fa29 elementor-widget-divider--view-line elementor-widget elementor-widget-divider\" data-id=\"da4fa29\" data-element_type=\"widget\" data-e-type=\"widget\" data-widget_type=\"divider.default\">\n\t\t\t\t<div class=\"elementor-widget-container\">\n\t\t\t\t\t\t\t<div class=\"elementor-divider\">\n\t\t\t<span class=\"elementor-divider-separator\">\n\t\t\t\t\t\t<\/span>\n\t\t<\/div>\n\t\t\t\t\t\t<\/div>\n\t\t\t\t<\/div>\n\t\t\t\t<div class=\"elementor-element elementor-element-11eba05 elementor-widget elementor-widget-heading\" data-id=\"11eba05\" data-element_type=\"widget\" data-e-type=\"widget\" data-widget_type=\"heading.default\">\n\t\t\t\t<div class=\"elementor-widget-container\">\n\t\t\t\t\t<h5 class=\"elementor-heading-title elementor-size-default\">Misyon<\/h5>\t\t\t\t<\/div>\n\t\t\t\t<\/div>\n\t\t\t\t<div class=\"elementor-element elementor-element-51b1193 elementor-widget__width-initial elementor-widget-mobile__width-inherit elementor-widget elementor-widget-text-editor\" data-id=\"51b1193\" data-element_type=\"widget\" data-e-type=\"widget\" data-widget_type=\"text-editor.default\">\n\t\t\t\t<div class=\"elementor-widget-container\">\n\t\t\t\t\t\t\t\t\t<p>\u00dcretimden uygulamaya kadar y\u00fcksek kalite, zaman\u0131nda teslimat ve m\u00fc\u015fteri odakl\u0131 hizmet sunmak.<\/p>\t\t\t\t\t\t\t\t<\/div>\n\t\t\t\t<\/div>\n\t\t\t\t<\/div>\n\t\t\t\t<\/div>\n\t\t\t\t\t<\/div>\n\t\t\t\t<\/div>\n\t\t<div class=\"elementor-element elementor-element-e9db474 e-flex e-con-boxed e-con e-parent\" data-id=\"e9db474\" data-element_type=\"container\" data-e-type=\"container\">\n\t\t\t\t\t<div class=\"e-con-inner\">\n\t\t<div class=\"elementor-element elementor-element-7bffbd7 e-con-full e-flex e-con e-child\" data-id=\"7bffbd7\" data-element_type=\"container\" data-e-type=\"container\">\n\t\t\t\t<div class=\"elementor-element elementor-element-8a0839f elementor-widget__width-initial elementor-widget-mobile__width-inherit elementor-widget elementor-widget-heading\" data-id=\"8a0839f\" data-element_type=\"widget\" data-e-type=\"widget\" data-widget_type=\"heading.default\">\n\t\t\t\t<div class=\"elementor-widget-container\">\n\t\t\t\t\t<h2 class=\"elementor-heading-title elementor-size-default\">G\u00fcc\u00fc \u00e7elikten gelir. Dayan\u0131m\u0131 betonla tamamlan\u0131r. Konforu yal\u0131t\u0131mdan ba\u015flar.<\/h2>\t\t\t\t<\/div>\n\t\t\t\t<\/div>\n\t\t\t\t<div class=\"vamtam-has-theme-widget-styles elementor-element elementor-element-deacf48 elementor-hidden-mobile vamtam-has-underline-anim elementor-widget elementor-widget-button\" data-id=\"deacf48\" data-element_type=\"widget\" data-e-type=\"widget\" data-widget_type=\"button.default\">\n\t\t\t\t<div class=\"elementor-widget-container\">\n\t\t\t\t\t\t\t\t\t<div class=\"elementor-button-wrapper\">\n\t\t\t\t\t<a class=\"elementor-button elementor-button-link elementor-size-sm\" href=\"https:\/\/elfhome.com.tr\/en\/teklif-al\/\">\n\t\t\t\t\t\t<span class=\"elementor-button-content-wrapper\">\n\t\t\t\t\t\t<span class=\"elementor-button-icon\">\n\t\t\t\t<i aria-hidden=\"true\" class=\"vamtamtheme- vamtam-theme-arrow-right\"><\/i>\t\t\t<\/span>\n\t\t\t\t\t\t\t\t\t<span class=\"elementor-button-text\">Teklif Al\u0131n<\/span>\n\t\t\t\t\t<\/span>\n\t\t\t\t\t<\/a>\n\t\t\t\t<\/div>\n\t\t\t\t\t\t\t\t<\/div>\n\t\t\t\t<\/div>\n\t\t\t\t<\/div>\n\t\t<div class=\"elementor-element elementor-element-f975cc2 e-con-full e-flex e-con e-child\" data-id=\"f975cc2\" data-element_type=\"container\" data-e-type=\"container\">\n\t\t\t\t<\/div>\n\t\t\t\t\t<\/div>\n\t\t\t\t<\/div>\n\t\t<div class=\"elementor-element elementor-element-2b429e8 e-con-full animated-fast e-flex e-con e-parent\" data-id=\"2b429e8\" data-element_type=\"container\" data-e-type=\"container\" data-settings=\"{&quot;background_background&quot;:&quot;classic&quot;,&quot;animation&quot;:&quot;none&quot;}\">\n\t\t<div class=\"elementor-element elementor-element-b502d33 e-flex e-con-boxed e-con e-child\" data-id=\"b502d33\" data-element_type=\"container\" data-e-type=\"container\">\n\t\t\t\t\t<div class=\"e-con-inner\">\n\t\t<div class=\"elementor-element elementor-element-24a5617 e-con-full e-flex e-con e-child\" data-id=\"24a5617\" data-element_type=\"container\" data-e-type=\"container\">\n\t\t\t\t<\/div>\n\t\t\t\t\t<\/div>\n\t\t\t\t<\/div>\n\t\t<div class=\"elementor-element elementor-element-7b88c9d e-flex e-con-boxed e-con e-child\" data-id=\"7b88c9d\" data-element_type=\"container\" data-e-type=\"container\">\n\t\t\t\t\t<div class=\"e-con-inner\">\n\t\t<div class=\"elementor-element elementor-element-269d44f e-con-full e-flex e-con e-child\" data-id=\"269d44f\" data-element_type=\"container\" data-e-type=\"container\">\n\t\t\t\t<\/div>\n\t\t\t\t\t<\/div>\n\t\t\t\t<\/div>\n\t\t<div class=\"elementor-element elementor-element-8195a59 e-flex e-con-boxed e-con e-child\" data-id=\"8195a59\" data-element_type=\"container\" data-e-type=\"container\">\n\t\t\t\t\t<div class=\"e-con-inner\">\n\t\t<div class=\"elementor-element elementor-element-747d120 e-con-full e-flex e-con e-child\" data-id=\"747d120\" data-element_type=\"container\" data-e-type=\"container\">\n\t\t\t\t<\/div>\n\t\t\t\t\t<\/div>\n\t\t\t\t<\/div>\n\t\t\t\t<\/div>\n\t\t\t\t<\/div>\n\t\t","protected":false},"excerpt":{"rendered":"<p>ELF HOME is a solution provider focused on modern construction technologies and sustainable designs. Our panel systems, developed through R&amp;D, are implemented with the goals of fast production, high insulation, and long service life. The strict quality control processes applied in our factory and our expert engineering team ensure trust and performance in every project.<\/p>","protected":false},"author":1,"featured_media":987993,"parent":0,"menu_order":0,"comment_status":"closed","ping_status":"closed","template":"","meta":{"_joinchat":[],"footnotes":""},"class_list":["post-23","page","type-page","status-publish","has-post-thumbnail","hentry"],"_links":{"self":[{"href":"https:\/\/elfhome.com.tr\/en\/wp-json\/wp\/v2\/pages\/23","targetHints":{"allow":["GET"]}}],"collection":[{"href":"https:\/\/elfhome.com.tr\/en\/wp-json\/wp\/v2\/pages"}],"about":[{"href":"https:\/\/elfhome.com.tr\/en\/wp-json\/wp\/v2\/types\/page"}],"author":[{"embeddable":true,"href":"https:\/\/elfhome.com.tr\/en\/wp-json\/wp\/v2\/users\/1"}],"replies":[{"embeddable":true,"href":"https:\/\/elfhome.com.tr\/en\/wp-json\/wp\/v2\/comments?post=23"}],"version-history":[{"count":37,"href":"https:\/\/elfhome.com.tr\/en\/wp-json\/wp\/v2\/pages\/23\/revisions"}],"predecessor-version":[{"id":988078,"href":"https:\/\/elfhome.com.tr\/en\/wp-json\/wp\/v2\/pages\/23\/revisions\/988078"}],"wp:featuredmedia":[{"embeddable":true,"href":"https:\/\/elfhome.com.tr\/en\/wp-json\/wp\/v2\/media\/987993"}],"wp:attachment":[{"href":"https:\/\/elfhome.com.tr\/en\/wp-json\/wp\/v2\/media?parent=23"}],"curies":[{"name":"wp","href":"https:\/\/api.w.org\/{rel}","templated":true}]}}